{"id":4,"date":"2017-01-10T13:38:37","date_gmt":"2017-01-10T13:38:37","guid":{"rendered":"http:\/\/wordpress1791283.home.pl\/autoinstalator\/wordpressplus\/?page_id=4"},"modified":"2017-05-07T17:48:24","modified_gmt":"2017-05-07T16:48:24","slug":"front-page","status":"publish","type":"page","link":"https:\/\/elite-group.pl\/","title":{"rendered":"O nas"},"content":{"rendered":"<div id=\"about\" style=\"text-align: center;\">\u00a0 \u00a0 \u00a0 \u00a0 \u00a0ELITE GROUP jest profesjonaln\u0105 agencj\u0105 managersk\u0105 dzia\u0142aj\u0105c\u0105 na rynku<\/div>\n<div style=\"text-align: center;\">nie tylko polskim, ale i europejskim.<\/div>\n<div style=\"text-align: center;\">Wsp\u00f3\u0142pracujemy w jasny i transparenty spos\u00f3b dbaj\u0105c o ka\u017cdy szczeg\u00f3\u0142 pi\u0142karskiej kariery.<\/div>\n<div style=\"text-align: center;\"><span style=\"line-height: 1.5;\">Jeste\u015bmy po to, aby ci\u0119\u017cko pracowa\u0107 dla ka\u017cdego zawodnika, kt\u00f3ry nam zaufa.\u00a0<\/span><\/div>\n<div style=\"text-align: center;\">Od pocz\u0105tku podchodzimy do swoich obowi\u0105zk\u00f3w z pe\u0142nym zaanga\u017cowaniem i tego samego<\/div>\n<div style=\"text-align: center;\">oczekujemy od profesjonalnego zawodnika.<\/div>\n<div style=\"text-align: center;\">Tylko w taki spos\u00f3b wsp\u00f3lnie mo\u017cna osi\u0105gn\u0105\u0107 pe\u0142en sukces.<\/div>\n","protected":false},"excerpt":{"rendered":"<div class=\"mh-excerpt\"><p>\u00a0 \u00a0 \u00a0 \u00a0 \u00a0ELITE GROUP jest profesjonaln\u0105 agencj\u0105 managersk\u0105 dzia\u0142aj\u0105c\u0105 na rynku nie tylko polskim, ale i europejskim. Wsp\u00f3\u0142pracujemy w jasny i transparenty spos\u00f3b <a class=\"mh-excerpt-more\" href=\"https:\/\/elite-group.pl\/\" title=\"O nas\">[&#8230;]<\/a><\/p>\n<\/div>","protected":false},"author":1,"featured_media":0,"parent":0,"menu_order":0,"comment_status":"closed","ping_status":"closed","template":"","meta":{"footnotes":""},"class_list":["post-4","page","type-page","status-publish","hentry"],"_links":{"self":[{"href":"https:\/\/elite-group.pl\/index.php?rest_route=\/wp\/v2\/pages\/4","targetHints":{"allow":["GET"]}}],"collection":[{"href":"https:\/\/elite-group.pl\/index.php?rest_route=\/wp\/v2\/pages"}],"about":[{"href":"https:\/\/elite-group.pl\/index.php?rest_route=\/wp\/v2\/types\/page"}],"author":[{"embeddable":true,"href":"https:\/\/elite-group.pl\/index.php?rest_route=\/wp\/v2\/users\/1"}],"replies":[{"embeddable":true,"href":"https:\/\/elite-group.pl\/index.php?rest_route=%2Fwp%2Fv2%2Fcomments&post=4"}],"version-history":[{"count":4,"href":"https:\/\/elite-group.pl\/index.php?rest_route=\/wp\/v2\/pages\/4\/revisions"}],"predecessor-version":[{"id":83,"href":"https:\/\/elite-group.pl\/index.php?rest_route=\/wp\/v2\/pages\/4\/revisions\/83"}],"wp:attachment":[{"href":"https:\/\/elite-group.pl\/index.php?rest_route=%2Fwp%2Fv2%2Fmedia&parent=4"}],"curies":[{"name":"wp","href":"https:\/\/api.w.org\/{rel}","templated":true}]}}